{"id":115,"date":"2019-04-07T20:14:57","date_gmt":"2019-04-07T20:14:57","guid":{"rendered":"http:\/\/kunstfertig.net\/?page_id=115"},"modified":"2025-04-06T19:14:43","modified_gmt":"2025-04-06T19:14:43","slug":"ausstellungen","status":"publish","type":"page","link":"https:\/\/kunstfertig.net\/?page_id=115","title":{"rendered":"Ausstellungen"},"content":{"rendered":"\t\t<div data-elementor-type=\"wp-page\" data-elementor-id=\"115\" class=\"elementor elementor-115\">\n\t\t\t\t\t\t<section class=\"elementor-section elementor-top-section elementor-element elementor-element-febfa13 elementor-section-stretched elementor-section-full_width elementor-section-height-default elementor-section-height-default\" data-id=\"febfa13\" data-element_type=\"section\" data-settings=\"{&quot;stretch_section&quot;:&quot;section-stretched&quot;}\">\n\t\t\t\t\t\t<div class=\"elementor-container elementor-column-gap-default\">\n\t\t\t\t\t<div class=\"elementor-column elementor-col-100 elementor-top-column elementor-element elementor-element-1a7fa94\" data-id=\"1a7fa94\" data-element_type=\"column\">\n\t\t\t<div class=\"elementor-widget-wrap elementor-element-populated\">\n\t\t\t\t\t\t<div class=\"elementor-element elementor-element-a7afc0a elementor-widget elementor-widget-spacer\" data-id=\"a7afc0a\" data-element_type=\"widget\" data-widget_type=\"spacer.default\">\n\t\t\t\t<div class=\"elementor-widget-container\">\n\t\t\t\t\t<div class=\"elementor-spacer\">\n\t\t\t<div class=\"elementor-spacer-inner\"><\/div>\n\t\t<\/div>\n\t\t\t\t<\/div>\n\t\t\t\t<\/div>\n\t\t\t\t\t<\/div>\n\t\t<\/div>\n\t\t\t\t\t<\/div>\n\t\t<\/section>\n\t\t\t\t<section class=\"elementor-section elementor-top-section elementor-element elementor-element-6bcabe0 elementor-section-stretched elementor-section-full_width elementor-section-height-default elementor-section-height-default\" data-id=\"6bcabe0\" data-element_type=\"section\" data-settings=\"{&quot;stretch_section&quot;:&quot;section-stretched&quot;}\">\n\t\t\t\t\t\t<div class=\"elementor-container elementor-column-gap-default\">\n\t\t\t\t\t<div class=\"elementor-column elementor-col-100 elementor-top-column elementor-element elementor-element-6440667\" data-id=\"6440667\" data-element_type=\"column\">\n\t\t\t<div class=\"elementor-widget-wrap elementor-element-populated\">\n\t\t\t\t\t\t<div class=\"elementor-element elementor-element-00d516d elementor-widget elementor-widget-heading\" data-id=\"00d516d\" data-element_type=\"widget\" data-widget_type=\"heading.default\">\n\t\t\t\t<div class=\"elementor-widget-container\">\n\t\t\t<h2 class=\"elementor-heading-title elementor-size-default\">Vita \u2013 Andrea Schenckenberg<\/h2>\t\t<\/div>\n\t\t\t\t<\/div>\n\t\t\t\t\t<\/div>\n\t\t<\/div>\n\t\t\t\t\t<\/div>\n\t\t<\/section>\n\t\t\t\t<section class=\"elementor-section elementor-top-section elementor-element elementor-element-821800d elementor-section-stretched elementor-section-full_width elementor-section-height-default elementor-section-height-default\" data-id=\"821800d\" data-element_type=\"section\" data-settings=\"{&quot;stretch_section&quot;:&quot;section-stretched&quot;}\">\n\t\t\t\t\t\t<div class=\"elementor-container elementor-column-gap-default\">\n\t\t\t\t\t<div class=\"elementor-column elementor-col-100 elementor-top-column elementor-element elementor-element-0c0d9cb\" data-id=\"0c0d9cb\" data-element_type=\"column\">\n\t\t\t<div class=\"elementor-widget-wrap elementor-element-populated\">\n\t\t\t\t\t\t<div class=\"elementor-element elementor-element-fb061a1 elementor-widget elementor-widget-spacer\" data-id=\"fb061a1\" data-element_type=\"widget\" data-widget_type=\"spacer.default\">\n\t\t\t\t<div class=\"elementor-widget-container\">\n\t\t\t\t\t<div class=\"elementor-spacer\">\n\t\t\t<div class=\"elementor-spacer-inner\"><\/div>\n\t\t<\/div>\n\t\t\t\t<\/div>\n\t\t\t\t<\/div>\n\t\t\t\t\t<\/div>\n\t\t<\/div>\n\t\t\t\t\t<\/div>\n\t\t<\/section>\n\t\t\t\t<section class=\"elementor-section elementor-top-section elementor-element elementor-element-add1fcb elementor-section-boxed elementor-section-height-default elementor-section-height-default\" data-id=\"add1fcb\" data-element_type=\"section\">\n\t\t\t\t\t\t<div class=\"elementor-container elementor-column-gap-default\">\n\t\t\t\t\t<div class=\"elementor-column elementor-col-100 elementor-top-column elementor-element elementor-element-09cac76\" data-id=\"09cac76\" data-element_type=\"column\">\n\t\t\t<div class=\"elementor-widget-wrap\">\n\t\t\t\t\t\t\t<\/div>\n\t\t<\/div>\n\t\t\t\t\t<\/div>\n\t\t<\/section>\n\t\t\t\t<section class=\"elementor-section elementor-top-section elementor-element elementor-element-9404ec9 elementor-section-boxed elementor-section-height-default elementor-section-height-default\" data-id=\"9404ec9\" data-element_type=\"section\">\n\t\t\t\t\t\t<div class=\"elementor-container elementor-column-gap-default\">\n\t\t\t\t\t<div class=\"elementor-column elementor-col-50 elementor-top-column elementor-element elementor-element-77b7411\" data-id=\"77b7411\" data-element_type=\"column\">\n\t\t\t<div class=\"elementor-widget-wrap elementor-element-populated\">\n\t\t\t\t\t\t<div class=\"elementor-element elementor-element-be54925 elementor-widget elementor-widget-image\" data-id=\"be54925\" data-element_type=\"widget\" data-widget_type=\"image.default\">\n\t\t\t\t<div class=\"elementor-widget-container\">\n\t\t\t\t\t\t\t\t\t\t<figure class=\"wp-caption\">\n\t\t\t\t\t\t\t\t\t\t<img fetchpriority=\"high\" decoding=\"async\" width=\"960\" height=\"773\" src=\"https:\/\/kunstfertig.net\/wp-content\/uploads\/2021\/01\/Vogel-1024x825.jpg\" class=\"attachment-large size-large wp-image-259\" alt=\"\" srcset=\"https:\/\/kunstfertig.net\/wp-content\/uploads\/2021\/01\/Vogel-1024x825.jpg 1024w, https:\/\/kunstfertig.net\/wp-content\/uploads\/2021\/01\/Vogel-300x242.jpg 300w, https:\/\/kunstfertig.net\/wp-content\/uploads\/2021\/01\/Vogel-768x619.jpg 768w, https:\/\/kunstfertig.net\/wp-content\/uploads\/2021\/01\/Vogel-1536x1237.jpg 1536w, https:\/\/kunstfertig.net\/wp-content\/uploads\/2021\/01\/Vogel-2048x1650.jpg 2048w\" sizes=\"(max-width: 960px) 100vw, 960px\" \/>\t\t\t\t\t\t\t\t\t\t\t<figcaption class=\"widget-image-caption wp-caption-text\">angry bird. Aquarell-Buntstifte. 2021<\/figcaption>\n\t\t\t\t\t\t\t\t\t\t<\/figure>\n\t\t\t\t\t\t\t<\/div>\n\t\t\t\t<\/div>\n\t\t\t\t\t<\/div>\n\t\t<\/div>\n\t\t\t\t<div class=\"elementor-column elementor-col-50 elementor-top-column elementor-element elementor-element-6650460\" data-id=\"6650460\" data-element_type=\"column\">\n\t\t\t<div class=\"elementor-widget-wrap elementor-element-populated\">\n\t\t\t\t\t\t<div class=\"elementor-element elementor-element-f6e0ef6 elementor-widget elementor-widget-text-editor\" data-id=\"f6e0ef6\" data-element_type=\"widget\" data-widget_type=\"text-editor.default\">\n\t\t\t\t<div class=\"elementor-widget-container\">\n\t\t\t\t\t\t\t<p>1965 in L\u00fcbeck geboren<br \/>1985 Abitur in L\u00fcbeck<br \/>1985 &#8211; 88 Studium der Humanmedizin in L\u00fcbeck<br \/>1988 Ausbildung zur Grafikdesignerin, Werkkunstschule L\u00fcbeck<br \/>1991 Abschluss mit Diplom der Werkkunstschule<br \/>seit 1993 freischaffende Grafikdesignerin, Werbetexterin und K\u00fcnstlerin\u00a0<br \/>fortlaufend Studien\u00a0<\/p>\t\t\t\t\t\t<\/div>\n\t\t\t\t<\/div>\n\t\t\t\t<div class=\"elementor-element elementor-element-75ad601 elementor-widget elementor-widget-spacer\" data-id=\"75ad601\" data-element_type=\"widget\" data-widget_type=\"spacer.default\">\n\t\t\t\t<div class=\"elementor-widget-container\">\n\t\t\t\t\t<div class=\"elementor-spacer\">\n\t\t\t<div class=\"elementor-spacer-inner\"><\/div>\n\t\t<\/div>\n\t\t\t\t<\/div>\n\t\t\t\t<\/div>\n\t\t\t\t<div class=\"elementor-element elementor-element-784564e elementor-widget elementor-widget-text-editor\" data-id=\"784564e\" data-element_type=\"widget\" data-widget_type=\"text-editor.default\">\n\t\t\t\t<div class=\"elementor-widget-container\">\n\t\t\t\t\t\t\t<p><strong>Ausstellungen<\/strong><\/p><p>2020: Galerie in der Kanzlei Dr. Pfeifer, L\u00fcbeck\u00a0<br \/>2019: Goldschmiede Krieglstein, Stockelsdorf\u00a0<br \/>2018: Neue Wege, L\u00fcbeck\u00a0<br \/>2018: Temporary Showroom, L\u00fcbeck<br \/>2015\/16: Asklepiosklinik, Bad Schwartau<br \/>2014: LUV Ausstellung, L\u00fcbeck<br \/>2014: Kreisausstellung des FBK-OH e.V., Eutin<br \/>2013\/14: Schanze am See, Neum\u00fcnster<br \/>2013: Kunstmeile, Kiel<br \/>2013: Samstagsgalerie, L\u00fcbeck\u00a0<br \/>2012: Handwerkskammer zu L\u00fcbeck<br \/>2012: Walbaum Caf\u00e9, L\u00fcbeck\u00a0<\/p>\t\t\t\t\t\t<\/div>\n\t\t\t\t<\/div>\n\t\t\t\t\t<\/div>\n\t\t<\/div>\n\t\t\t\t\t<\/div>\n\t\t<\/section>\n\t\t\t\t<section class=\"elementor-section elementor-top-section elementor-element elementor-element-427475e elementor-section-stretched elementor-section-full_width elementor-section-height-default elementor-section-height-default\" data-id=\"427475e\" data-element_type=\"section\" data-settings=\"{&quot;stretch_section&quot;:&quot;section-stretched&quot;}\">\n\t\t\t\t\t\t<div class=\"elementor-container elementor-column-gap-default\">\n\t\t\t\t\t<div class=\"elementor-column elementor-col-100 elementor-top-column elementor-element elementor-element-912537a\" data-id=\"912537a\" data-element_type=\"column\">\n\t\t\t<div class=\"elementor-widget-wrap elementor-element-populated\">\n\t\t\t\t\t\t<div class=\"elementor-element elementor-element-3bf2372 elementor-widget elementor-widget-spacer\" data-id=\"3bf2372\" data-element_type=\"widget\" data-widget_type=\"spacer.default\">\n\t\t\t\t<div class=\"elementor-widget-container\">\n\t\t\t\t\t<div class=\"elementor-spacer\">\n\t\t\t<div class=\"elementor-spacer-inner\"><\/div>\n\t\t<\/div>\n\t\t\t\t<\/div>\n\t\t\t\t<\/div>\n\t\t\t\t\t<\/div>\n\t\t<\/div>\n\t\t\t\t\t<\/div>\n\t\t<\/section>\n\t\t\t\t<section class=\"elementor-section elementor-top-section elementor-element elementor-element-727b98a elementor-section-full_width elementor-section-stretched elementor-section-height-default elementor-section-height-default\" data-id=\"727b98a\" data-element_type=\"section\" data-settings=\"{&quot;stretch_section&quot;:&quot;section-stretched&quot;}\">\n\t\t\t\t\t\t<div class=\"elementor-container elementor-column-gap-extended\">\n\t\t\t\t\t<div class=\"elementor-column elementor-col-100 elementor-top-column elementor-element elementor-element-c305d8a\" data-id=\"c305d8a\" data-element_type=\"column\">\n\t\t\t<div class=\"elementor-widget-wrap elementor-element-populated\">\n\t\t\t\t\t\t<div class=\"elementor-element elementor-element-81fe3f9 elementor-widget elementor-widget-text-editor\" data-id=\"81fe3f9\" data-element_type=\"widget\" data-widget_type=\"text-editor.default\">\n\t\t\t\t<div class=\"elementor-widget-container\">\n\t\t\t\t\t\t\t<h2><strong>Bilder ansehen<\/strong><\/h2><p>Aktuell sind keine Ausstellungen geplant. <strong>Auf Anfrage<\/strong> k\u00f6nnen Sie mich <strong>in meinem Atelier<\/strong> in Stockelsdorf <strong>besuchen.<\/strong> <br \/>Hier finden Sie Kleinplastiken, Acrylbilder auf Leinwand in kleinen und mittleren Formaten und Zeichnungen.<\/p>\t\t\t\t\t\t<\/div>\n\t\t\t\t<\/div>\n\t\t\t\t\t<\/div>\n\t\t<\/div>\n\t\t\t\t\t<\/div>\n\t\t<\/section>\n\t\t\t\t<\/div>\n\t\t","protected":false},"excerpt":{"rendered":"<p>Vita \u2013 Andrea Schenckenberg angry bird. Aquarell-Buntstifte. 2021 1965 in L\u00fcbeck geboren1985 Abitur in L\u00fcbeck1985 &#8211; 88 Studium der Humanmedizin in L\u00fcbeck1988 Ausbildung zur Grafikdesignerin, Werkkunstschule L\u00fcbeck1991 Abschluss mit Diplom der Werkkunstschuleseit 1993 freischaffende Grafikdesignerin, Werbetexterin und K\u00fcnstlerin\u00a0fortlaufend Studien\u00a0 Ausstellungen 2020: Galerie in der Kanzlei Dr. Pfeifer, L\u00fcbeck\u00a02019: Goldschmiede Krieglstein, Stockelsdorf\u00a02018: Neue Wege, L\u00fcbeck\u00a02018: Temporary Showroom, L\u00fcbeck2015\/16: Asklepiosklinik, Bad Schwartau2014: LUV Ausstellung, L\u00fcbeck2014: Kreisausstellung des FBK-OH e.V., Eutin2013\/14: Schanze am See, Neum\u00fcnster2013: Kunstmeile, Kiel2013: Samstagsgalerie, L\u00fcbeck\u00a02012: Handwerkskammer zu L\u00fcbeck2012: Walbaum Caf\u00e9, L\u00fcbeck\u00a0 Bilder ansehen Aktuell sind keine Ausstellungen geplant. Auf Anfrage k\u00f6nnen Sie mich in meinem Atelier in Stockelsdorf besuchen. Hier finden Sie Kleinplastiken, Acrylbilder auf Leinwand in kleinen und mittleren Formaten und Zeichnungen.<\/p>\n","protected":false},"author":1,"featured_media":0,"parent":0,"menu_order":0,"comment_status":"closed","ping_status":"closed","template":"","meta":{"footnotes":""},"class_list":["post-115","page","type-page","status-publish","hentry"],"_links":{"self":[{"href":"https:\/\/kunstfertig.net\/index.php?rest_route=\/wp\/v2\/pages\/115","targetHints":{"allow":["GET"]}}],"collection":[{"href":"https:\/\/kunstfertig.net\/index.php?rest_route=\/wp\/v2\/pages"}],"about":[{"href":"https:\/\/kunstfertig.net\/index.php?rest_route=\/wp\/v2\/types\/page"}],"author":[{"embeddable":true,"href":"https:\/\/kunstfertig.net\/index.php?rest_route=\/wp\/v2\/users\/1"}],"replies":[{"embeddable":true,"href":"https:\/\/kunstfertig.net\/index.php?rest_route=%2Fwp%2Fv2%2Fcomments&post=115"}],"version-history":[{"count":68,"href":"https:\/\/kunstfertig.net\/index.php?rest_route=\/wp\/v2\/pages\/115\/revisions"}],"predecessor-version":[{"id":680,"href":"https:\/\/kunstfertig.net\/index.php?rest_route=\/wp\/v2\/pages\/115\/revisions\/680"}],"wp:attachment":[{"href":"https:\/\/kunstfertig.net\/index.php?rest_route=%2Fwp%2Fv2%2Fmedia&parent=115"}],"curies":[{"name":"wp","href":"https:\/\/api.w.org\/{rel}","templated":true}]}}