{"id":452,"date":"2022-10-25T11:53:18","date_gmt":"2022-10-25T11:53:18","guid":{"rendered":"https:\/\/kunstfertig.net\/?page_id=452"},"modified":"2025-04-06T19:13:39","modified_gmt":"2025-04-06T19:13:39","slug":"kunstfertig","status":"publish","type":"page","link":"https:\/\/kunstfertig.net\/","title":{"rendered":"kunstfertig"},"content":{"rendered":"\t\t<div data-elementor-type=\"wp-page\" data-elementor-id=\"452\" class=\"elementor elementor-452\">\n\t\t\t\t\t\t<section class=\"elementor-section elementor-top-section elementor-element elementor-element-5c833d73 elementor-section-boxed elementor-section-height-default elementor-section-height-default\" data-id=\"5c833d73\" data-element_type=\"section\">\n\t\t\t\t\t\t<div class=\"elementor-container elementor-column-gap-default\">\n\t\t\t\t\t<div class=\"elementor-column elementor-col-100 elementor-top-column elementor-element elementor-element-6e38aef\" data-id=\"6e38aef\" data-element_type=\"column\">\n\t\t\t<div class=\"elementor-widget-wrap elementor-element-populated\">\n\t\t\t\t\t\t<div class=\"elementor-element elementor-element-6658cfdc elementor-widget elementor-widget-text-editor\" data-id=\"6658cfdc\" data-element_type=\"widget\" data-widget_type=\"text-editor.default\">\n\t\t\t\t<div class=\"elementor-widget-container\">\n\t\t\t\t\t\t\t<h1>Acryl. Bilder. Skulpturen\u00a0<\/h1>\n<p><!-- \/wp:paragraph --><\/p>\t\t\t\t\t\t<\/div>\n\t\t\t\t<\/div>\n\t\t\t\t\t<\/div>\n\t\t<\/div>\n\t\t\t\t\t<\/div>\n\t\t<\/section>\n\t\t\t\t<section class=\"elementor-section elementor-top-section elementor-element elementor-element-1f1f741 elementor-section-boxed elementor-section-height-default elementor-section-height-default\" data-id=\"1f1f741\" data-element_type=\"section\">\n\t\t\t\t\t\t<div class=\"elementor-container elementor-column-gap-default\">\n\t\t\t\t\t<div class=\"elementor-column elementor-col-50 elementor-top-column elementor-element elementor-element-e9fe288\" data-id=\"e9fe288\" data-element_type=\"column\">\n\t\t\t<div class=\"elementor-widget-wrap elementor-element-populated\">\n\t\t\t\t\t\t<div class=\"elementor-element elementor-element-12a1a07 elementor-widget__width-initial elementor-widget elementor-widget-image\" data-id=\"12a1a07\" data-element_type=\"widget\" data-widget_type=\"image.default\">\n\t\t\t\t<div class=\"elementor-widget-container\">\n\t\t\t\t\t\t\t\t\t\t<figure class=\"wp-caption\">\n\t\t\t\t\t\t\t\t\t\t<img fetchpriority=\"high\" decoding=\"async\" width=\"233\" height=\"300\" src=\"https:\/\/kunstfertig.net\/wp-content\/uploads\/2019\/04\/Adler-weiss-233x300.jpg\" class=\"attachment-medium size-medium wp-image-11\" alt=\"\" srcset=\"https:\/\/kunstfertig.net\/wp-content\/uploads\/2019\/04\/Adler-weiss-233x300.jpg 233w, https:\/\/kunstfertig.net\/wp-content\/uploads\/2019\/04\/Adler-weiss-768x987.jpg 768w, https:\/\/kunstfertig.net\/wp-content\/uploads\/2019\/04\/Adler-weiss-797x1024.jpg 797w\" sizes=\"(max-width: 233px) 100vw, 233px\" \/>\t\t\t\t\t\t\t\t\t\t\t<figcaption class=\"widget-image-caption wp-caption-text\">Ich bin ein Adler \u00b7 Stahl  \u00b7 Kleinplastiken<\/figcaption>\n\t\t\t\t\t\t\t\t\t\t<\/figure>\n\t\t\t\t\t\t\t<\/div>\n\t\t\t\t<\/div>\n\t\t\t\t\t<\/div>\n\t\t<\/div>\n\t\t\t\t<div class=\"elementor-column elementor-col-50 elementor-top-column elementor-element elementor-element-026f999\" data-id=\"026f999\" data-element_type=\"column\">\n\t\t\t<div class=\"elementor-widget-wrap elementor-element-populated\">\n\t\t\t\t\t\t<div class=\"elementor-element elementor-element-a28f792 elementor-widget__width-initial elementor-widget elementor-widget-text-editor\" data-id=\"a28f792\" data-element_type=\"widget\" data-widget_type=\"text-editor.default\">\n\t\t\t\t<div class=\"elementor-widget-container\">\n\t\t\t\t\t\t\t<h2>Andrea Schenckenberg<\/h2>\n<p>Was mich am k\u00fcnstlerischen Arbeiten fasziniert? Das ist das Werden. Der Prozess des Schaffens.<\/p>\n<p>Und ja! Es ist auch die Freude in Formen und in Farben sichtbar zu machen, was mich bewegt: Gro\u00dfes und Kleines, Emotionen, die Begeisterung f\u00fcr ganz banale Dinge &#8230;<\/p>\n<p>Am liebsten male ich mit Acrylfarben auf Leinwand in gro\u00dfen oder kleinen Formaten. H\u00e4ufig zeichne ich auf Papier oder auf alten Buchseiten. Mit Tinte, mit Feder, Bleistift, Buntstift, Aquarellfarben und Kreiden. Immer wieder sind es Mischtechniken, weil ein Malmedium nicht ausdr\u00fcckt, was mich bewegt,<\/p>\n<p>Meine Bilder und Illustrationen sind lebendig &#8211; eine Mischung aus Abstraktion und Realem.<\/p>\n<p>Als Bildhauerin arbeite ich in Stein oder mit Ton. Oder es entsteht beim Upcycling Neues aus Altem.<\/p>\n<p>Neugierig? Dann einfach mal reinschauen:<\/p>\t\t\t\t\t\t<\/div>\n\t\t\t\t<\/div>\n\t\t\t\t<div class=\"elementor-element elementor-element-4fe1ecf elementor-widget elementor-widget-button\" data-id=\"4fe1ecf\" data-element_type=\"widget\" data-widget_type=\"button.default\">\n\t\t\t\t<div class=\"elementor-widget-container\">\n\t\t\t\t\t\t\t<div class=\"elementor-button-wrapper\">\n\t\t\t\t\t<a class=\"elementor-button elementor-button-link elementor-size-sm\" href=\"https:\/\/kunstfertig.net\/?page_id=74\" target=\"_blank\">\n\t\t\t\t\t\t<span class=\"elementor-button-content-wrapper\">\n\t\t\t\t\t\t\t\t\t<span class=\"elementor-button-text\">Bilder auf Leinwand <\/span>\n\t\t\t\t\t<\/span>\n\t\t\t\t\t<\/a>\n\t\t\t\t<\/div>\n\t\t\t\t\t\t<\/div>\n\t\t\t\t<\/div>\n\t\t\t\t<div class=\"elementor-element elementor-element-bfca560 elementor-widget elementor-widget-button\" data-id=\"bfca560\" data-element_type=\"widget\" data-widget_type=\"button.default\">\n\t\t\t\t<div class=\"elementor-widget-container\">\n\t\t\t\t\t\t\t<div class=\"elementor-button-wrapper\">\n\t\t\t\t\t<a class=\"elementor-button elementor-button-link elementor-size-sm\" href=\"https:\/\/kunstfertig.net\/?page_id=98\" target=\"_blank\">\n\t\t\t\t\t\t<span class=\"elementor-button-content-wrapper\">\n\t\t\t\t\t\t\t\t\t<span class=\"elementor-button-text\">Yes! Skulpturen<\/span>\n\t\t\t\t\t<\/span>\n\t\t\t\t\t<\/a>\n\t\t\t\t<\/div>\n\t\t\t\t\t\t<\/div>\n\t\t\t\t<\/div>\n\t\t\t\t\t<\/div>\n\t\t<\/div>\n\t\t\t\t\t<\/div>\n\t\t<\/section>\n\t\t\t\t<section class=\"elementor-section elementor-top-section elementor-element elementor-element-bd9e2a7 elementor-section-boxed elementor-section-height-default elementor-section-height-default\" data-id=\"bd9e2a7\" data-element_type=\"section\">\n\t\t\t\t\t\t<div class=\"elementor-container elementor-column-gap-custom\">\n\t\t\t\t\t<div class=\"elementor-column elementor-col-50 elementor-top-column elementor-element elementor-element-d3710ae\" data-id=\"d3710ae\" data-element_type=\"column\">\n\t\t\t<div class=\"elementor-widget-wrap\">\n\t\t\t\t\t\t\t<\/div>\n\t\t<\/div>\n\t\t\t\t<div class=\"elementor-column elementor-col-50 elementor-top-column elementor-element elementor-element-78561d7\" data-id=\"78561d7\" data-element_type=\"column\">\n\t\t\t<div class=\"elementor-widget-wrap\">\n\t\t\t\t\t\t\t<\/div>\n\t\t<\/div>\n\t\t\t\t\t<\/div>\n\t\t<\/section>\n\t\t\t\t<\/div>\n\t\t","protected":false},"excerpt":{"rendered":"<p>Acryl. Bilder. Skulpturen\u00a0 Ich bin ein Adler \u00b7 Stahl \u00b7 Kleinplastiken Andrea Schenckenberg Was mich am k\u00fcnstlerischen Arbeiten fasziniert? Das ist das Werden. Der Prozess des Schaffens. Und ja! Es ist auch die Freude in Formen und in Farben sichtbar zu machen, was mich bewegt: Gro\u00dfes und Kleines, Emotionen, die Begeisterung f\u00fcr ganz banale Dinge &#8230; Am liebsten male ich mit Acrylfarben auf Leinwand in gro\u00dfen oder kleinen Formaten. H\u00e4ufig zeichne ich auf Papier oder auf alten Buchseiten. Mit Tinte, mit Feder, Bleistift, Buntstift, Aquarellfarben und Kreiden. Immer wieder sind es Mischtechniken, weil ein Malmedium nicht ausdr\u00fcckt, was mich bewegt, Meine Bilder und Illustrationen sind lebendig &#8211; eine Mischung aus Abstraktion und Realem. Als Bildhauerin arbeite ich in Stein oder mit Ton. Oder es entsteht beim Upcycling Neues aus Altem. Neugierig? Dann einfach mal reinschauen: Bilder auf Leinwand Yes! Skulpturen<\/p>\n","protected":false},"author":1,"featured_media":0,"parent":0,"menu_order":0,"comment_status":"closed","ping_status":"closed","template":"","meta":{"footnotes":""},"class_list":["post-452","page","type-page","status-publish","hentry"],"_links":{"self":[{"href":"https:\/\/kunstfertig.net\/index.php?rest_route=\/wp\/v2\/pages\/452","targetHints":{"allow":["GET"]}}],"collection":[{"href":"https:\/\/kunstfertig.net\/index.php?rest_route=\/wp\/v2\/pages"}],"about":[{"href":"https:\/\/kunstfertig.net\/index.php?rest_route=\/wp\/v2\/types\/page"}],"author":[{"embeddable":true,"href":"https:\/\/kunstfertig.net\/index.php?rest_route=\/wp\/v2\/users\/1"}],"replies":[{"embeddable":true,"href":"https:\/\/kunstfertig.net\/index.php?rest_route=%2Fwp%2Fv2%2Fcomments&post=452"}],"version-history":[{"count":92,"href":"https:\/\/kunstfertig.net\/index.php?rest_route=\/wp\/v2\/pages\/452\/revisions"}],"predecessor-version":[{"id":677,"href":"https:\/\/kunstfertig.net\/index.php?rest_route=\/wp\/v2\/pages\/452\/revisions\/677"}],"wp:attachment":[{"href":"https:\/\/kunstfertig.net\/index.php?rest_route=%2Fwp%2Fv2%2Fmedia&parent=452"}],"curies":[{"name":"wp","href":"https:\/\/api.w.org\/{rel}","templated":true}]}}